{"id":31,"date":"2018-08-15T14:19:52","date_gmt":"2018-08-15T14:19:52","guid":{"rendered":"http:\/\/blive.vs-thaimassage.de.w01cdf4e.kasserver.com\/?page_id=31"},"modified":"2018-09-26T18:41:48","modified_gmt":"2018-09-26T16:41:48","slug":"ueber-uns","status":"publish","type":"page","link":"https:\/\/blive.vs-thaimassage.de\/nl\/ueber-uns\/","title":{"rendered":"\u00dcber Uns"},"content":{"rendered":"<div id=\"pl-31\"  class=\"panel-layout\" ><div id=\"pg-31-0\"  class=\"panel-grid panel-has-style\" ><div class=\"siteorigin-panels-stretch panel-row-style panel-row-style-for-31-0\" data-stretch-type=\"full-stretched\" ><div id=\"pgc-31-0-0\"  class=\"panel-grid-cell\" ><div id=\"panel-31-0-0-0\" class=\"so-panel widget widget_media_image panel-first-child panel-last-child\" data-index=\"0\" ><img width=\"2000\" height=\"1000\" src=\"https:\/\/blive.vs-thaimassage.de\/wp-content\/uploads\/2018\/09\/x210-e1536918261717.jpg\" class=\"image wp-image-437  attachment-full size-full\" alt=\"\" decoding=\"async\" loading=\"lazy\" style=\"max-width: 100%; height: auto;\" srcset=\"https:\/\/blive.vs-thaimassage.de\/wp-content\/uploads\/2018\/09\/x210-e1536918261717.jpg 2000w, https:\/\/blive.vs-thaimassage.de\/wp-content\/uploads\/2018\/09\/x210-e1536918261717-300x150.jpg 300w, https:\/\/blive.vs-thaimassage.de\/wp-content\/uploads\/2018\/09\/x210-e1536918261717-768x384.jpg 768w, https:\/\/blive.vs-thaimassage.de\/wp-content\/uploads\/2018\/09\/x210-e1536918261717-1024x512.jpg 1024w, https:\/\/blive.vs-thaimassage.de\/wp-content\/uploads\/2018\/09\/x210-e1536918261717-416x208.jpg 416w\" sizes=\"(max-width: 2000px) 100vw, 2000px\" \/><\/div><\/div><\/div><\/div><div id=\"pg-31-1\"  class=\"panel-grid panel-has-style\" ><div class=\"panel-row-style panel-row-style-for-31-1\" ><div id=\"pgc-31-1-0\"  class=\"panel-grid-cell\" ><div id=\"panel-31-1-0-0\" class=\"so-panel widget widget_text panel-first-child panel-last-child\" data-index=\"1\" >\t\t\t<div class=\"textwidget\"><h1 class=\"text-center\">Unsere Masseure<\/h1>\n<\/div>\n\t\t<\/div><\/div><\/div><\/div><div id=\"pg-31-2\"  class=\"panel-grid panel-no-style\" ><div id=\"pgc-31-2-0\"  class=\"panel-grid-cell\" ><div id=\"panel-31-2-0-0\" class=\"so-panel widget widget_siteorigin-panels-builder panel-first-child panel-last-child\" data-index=\"2\" ><div id=\"pl-w5b9b8b4e1d17f\"  class=\"panel-layout\" ><div id=\"pg-w5b9b8b4e1d17f-0\"  class=\"panel-grid panel-no-style\" ><div id=\"pgc-w5b9b8b4e1d17f-0-0\"  class=\"panel-grid-cell\" ><div id=\"panel-w5b9b8b4e1d17f-0-0-0\" class=\"so-panel widget widget_siteorigin-panels-builder panel-first-child panel-last-child\" data-index=\"0\" ><div id=\"pl-w5b9b895396d8e\"  class=\"panel-layout\" ><div id=\"pg-w5b9b895396d8e-0\"  class=\"panel-grid panel-no-style\" ><div id=\"pgc-w5b9b895396d8e-0-0\"  class=\"panel-grid-cell\" ><div id=\"panel-w5b9b895396d8e-0-0-0\" class=\"so-panel widget widget_media_image panel-first-child panel-last-child\" data-index=\"0\" ><img width=\"684\" height=\"1024\" src=\"https:\/\/blive.vs-thaimassage.de\/wp-content\/uploads\/2018\/09\/x211-684x1024.jpg\" class=\"image wp-image-438  attachment-large size-large\" alt=\"\" decoding=\"async\" loading=\"lazy\" style=\"max-width: 100%; height: auto;\" srcset=\"https:\/\/blive.vs-thaimassage.de\/wp-content\/uploads\/2018\/09\/x211-684x1024.jpg 684w, https:\/\/blive.vs-thaimassage.de\/wp-content\/uploads\/2018\/09\/x211-200x300.jpg 200w, https:\/\/blive.vs-thaimassage.de\/wp-content\/uploads\/2018\/09\/x211-768x1150.jpg 768w, https:\/\/blive.vs-thaimassage.de\/wp-content\/uploads\/2018\/09\/x211-416x623.jpg 416w, https:\/\/blive.vs-thaimassage.de\/wp-content\/uploads\/2018\/09\/x211.jpg 1336w\" sizes=\"(max-width: 684px) 100vw, 684px\" \/><\/div><\/div><div id=\"pgc-w5b9b895396d8e-0-1\"  class=\"panel-grid-cell\" ><div id=\"panel-w5b9b895396d8e-0-1-0\" class=\"so-panel widget widget_media_image panel-first-child panel-last-child\" data-index=\"1\" ><img width=\"684\" height=\"1024\" src=\"https:\/\/blive.vs-thaimassage.de\/wp-content\/uploads\/2018\/09\/x212-684x1024.jpg\" class=\"image wp-image-439  attachment-large size-large\" alt=\"\" decoding=\"async\" loading=\"lazy\" style=\"max-width: 100%; height: auto;\" srcset=\"https:\/\/blive.vs-thaimassage.de\/wp-content\/uploads\/2018\/09\/x212-684x1024.jpg 684w, https:\/\/blive.vs-thaimassage.de\/wp-content\/uploads\/2018\/09\/x212-200x300.jpg 200w, https:\/\/blive.vs-thaimassage.de\/wp-content\/uploads\/2018\/09\/x212-768x1150.jpg 768w, https:\/\/blive.vs-thaimassage.de\/wp-content\/uploads\/2018\/09\/x212-416x623.jpg 416w, https:\/\/blive.vs-thaimassage.de\/wp-content\/uploads\/2018\/09\/x212.jpg 1336w\" sizes=\"(max-width: 684px) 100vw, 684px\" \/><\/div><\/div><\/div><\/div><\/div><\/div><div id=\"pgc-w5b9b8b4e1d17f-0-1\"  class=\"panel-grid-cell\" ><div id=\"panel-w5b9b8b4e1d17f-0-1-0\" class=\"so-panel widget widget_text panel-first-child panel-last-child\" data-index=\"1\" >\t\t\t<div class=\"textwidget\"><h3 class=\"team-text-left\">Vassana<\/h3>\n<\/div>\n\t\t<\/div><\/div><\/div><\/div><\/div><\/div><\/div><div id=\"pg-31-3\"  class=\"panel-grid panel-has-style\" ><div class=\"siteorigin-panels-stretch panel-row-style panel-row-style-for-31-3\" data-stretch-type=\"full\" ><div id=\"pgc-31-3-0\"  class=\"panel-grid-cell\" ><div id=\"panel-31-3-0-0\" class=\"so-panel widget widget_siteorigin-panels-builder panel-first-child panel-last-child\" data-index=\"3\" ><div id=\"pl-w5b9b895396e1d\"  class=\"panel-layout\" ><div id=\"pg-w5b9b895396e1d-0\"  class=\"panel-grid panel-no-style\" ><div id=\"pgc-w5b9b895396e1d-0-0\"  class=\"panel-grid-cell\" ><div id=\"panel-w5b9b895396e1d-0-0-0\" class=\"so-panel widget widget_text panel-first-child panel-last-child\" data-index=\"0\" >\t\t\t<div class=\"textwidget\"><h3 class=\"team-text-right\">Joe<\/h3>\n<\/div>\n\t\t<\/div><\/div><div id=\"pgc-w5b9b895396e1d-0-1\"  class=\"panel-grid-cell\" ><div id=\"panel-w5b9b895396e1d-0-1-0\" class=\"so-panel widget widget_siteorigin-panels-builder panel-first-child panel-last-child\" data-index=\"1\" ><div id=\"pl-w5b9b895396e90\"  class=\"panel-layout\" ><div id=\"pg-w5b9b895396e90-0\"  class=\"panel-grid panel-no-style\" ><div id=\"pgc-w5b9b895396e90-0-0\"  class=\"panel-grid-cell\" ><div id=\"panel-w5b9b895396e90-0-0-0\" class=\"so-panel widget widget_media_image panel-first-child panel-last-child\" data-index=\"0\" ><img width=\"684\" height=\"1024\" src=\"https:\/\/blive.vs-thaimassage.de\/wp-content\/uploads\/2018\/09\/x201-684x1024.jpg\" class=\"image wp-image-428  attachment-large size-large\" alt=\"\" decoding=\"async\" loading=\"lazy\" style=\"max-width: 100%; height: auto;\" srcset=\"https:\/\/blive.vs-thaimassage.de\/wp-content\/uploads\/2018\/09\/x201-684x1024.jpg 684w, https:\/\/blive.vs-thaimassage.de\/wp-content\/uploads\/2018\/09\/x201-200x300.jpg 200w, https:\/\/blive.vs-thaimassage.de\/wp-content\/uploads\/2018\/09\/x201-768x1150.jpg 768w, https:\/\/blive.vs-thaimassage.de\/wp-content\/uploads\/2018\/09\/x201-416x623.jpg 416w, https:\/\/blive.vs-thaimassage.de\/wp-content\/uploads\/2018\/09\/x201.jpg 1336w\" sizes=\"(max-width: 684px) 100vw, 684px\" \/><\/div><\/div><div id=\"pgc-w5b9b895396e90-0-1\"  class=\"panel-grid-cell\" ><div id=\"panel-w5b9b895396e90-0-1-0\" class=\"so-panel widget widget_media_image panel-first-child panel-last-child\" data-index=\"1\" ><img width=\"684\" height=\"1024\" src=\"https:\/\/blive.vs-thaimassage.de\/wp-content\/uploads\/2018\/09\/x202-684x1024.jpg\" class=\"image wp-image-429  attachment-large size-large\" alt=\"\" decoding=\"async\" loading=\"lazy\" style=\"max-width: 100%; height: auto;\" srcset=\"https:\/\/blive.vs-thaimassage.de\/wp-content\/uploads\/2018\/09\/x202-684x1024.jpg 684w, https:\/\/blive.vs-thaimassage.de\/wp-content\/uploads\/2018\/09\/x202-200x300.jpg 200w, https:\/\/blive.vs-thaimassage.de\/wp-content\/uploads\/2018\/09\/x202-768x1150.jpg 768w, https:\/\/blive.vs-thaimassage.de\/wp-content\/uploads\/2018\/09\/x202-416x623.jpg 416w, https:\/\/blive.vs-thaimassage.de\/wp-content\/uploads\/2018\/09\/x202.jpg 1336w\" sizes=\"(max-width: 684px) 100vw, 684px\" \/><\/div><\/div><\/div><\/div><\/div><\/div><\/div><\/div><\/div><\/div><\/div><\/div><div id=\"pg-31-4\"  class=\"panel-grid panel-no-style\" ><div id=\"pgc-31-4-0\"  class=\"panel-grid-cell\" ><div id=\"panel-31-4-0-0\" class=\"so-panel widget widget_siteorigin-panels-builder panel-first-child panel-last-child\" data-index=\"4\" ><div id=\"pl-w5b9b895396ef0\"  class=\"panel-layout\" ><div id=\"pg-w5b9b895396ef0-0\"  class=\"panel-grid panel-no-style\" ><div id=\"pgc-w5b9b895396ef0-0-0\"  class=\"panel-grid-cell\" ><div id=\"panel-w5b9b895396ef0-0-0-0\" class=\"so-panel widget widget_siteorigin-panels-builder panel-first-child panel-last-child\" data-index=\"0\" ><div id=\"pl-w5b9b895396f3b\"  class=\"panel-layout\" ><div id=\"pg-w5b9b895396f3b-0\"  class=\"panel-grid panel-no-style\" ><div id=\"pgc-w5b9b895396f3b-0-0\"  class=\"panel-grid-cell\" ><div id=\"panel-w5b9b895396f3b-0-0-0\" class=\"so-panel widget widget_media_image panel-first-child panel-last-child\" data-index=\"0\" ><img width=\"684\" height=\"1024\" src=\"https:\/\/blive.vs-thaimassage.de\/wp-content\/uploads\/2018\/09\/x203-684x1024.jpg\" class=\"image wp-image-430  attachment-large size-large\" alt=\"\" decoding=\"async\" loading=\"lazy\" style=\"max-width: 100%; height: auto;\" srcset=\"https:\/\/blive.vs-thaimassage.de\/wp-content\/uploads\/2018\/09\/x203-684x1024.jpg 684w, https:\/\/blive.vs-thaimassage.de\/wp-content\/uploads\/2018\/09\/x203-200x300.jpg 200w, https:\/\/blive.vs-thaimassage.de\/wp-content\/uploads\/2018\/09\/x203-768x1150.jpg 768w, https:\/\/blive.vs-thaimassage.de\/wp-content\/uploads\/2018\/09\/x203-416x623.jpg 416w, https:\/\/blive.vs-thaimassage.de\/wp-content\/uploads\/2018\/09\/x203.jpg 1336w\" sizes=\"(max-width: 684px) 100vw, 684px\" \/><\/div><\/div><div id=\"pgc-w5b9b895396f3b-0-1\"  class=\"panel-grid-cell\" ><div id=\"panel-w5b9b895396f3b-0-1-0\" class=\"so-panel widget widget_media_image panel-first-child panel-last-child\" data-index=\"1\" ><img width=\"684\" height=\"1024\" src=\"https:\/\/blive.vs-thaimassage.de\/wp-content\/uploads\/2018\/09\/x204-684x1024.jpg\" class=\"image wp-image-431  attachment-large size-large\" alt=\"\" decoding=\"async\" loading=\"lazy\" style=\"max-width: 100%; height: auto;\" srcset=\"https:\/\/blive.vs-thaimassage.de\/wp-content\/uploads\/2018\/09\/x204-684x1024.jpg 684w, https:\/\/blive.vs-thaimassage.de\/wp-content\/uploads\/2018\/09\/x204-200x300.jpg 200w, https:\/\/blive.vs-thaimassage.de\/wp-content\/uploads\/2018\/09\/x204-768x1150.jpg 768w, https:\/\/blive.vs-thaimassage.de\/wp-content\/uploads\/2018\/09\/x204-416x623.jpg 416w, https:\/\/blive.vs-thaimassage.de\/wp-content\/uploads\/2018\/09\/x204.jpg 1336w\" sizes=\"(max-width: 684px) 100vw, 684px\" \/><\/div><\/div><\/div><\/div><\/div><\/div><div id=\"pgc-w5b9b895396ef0-0-1\"  class=\"panel-grid-cell\" ><div id=\"panel-w5b9b895396ef0-0-1-0\" class=\"so-panel widget widget_text panel-first-child panel-last-child\" data-index=\"1\" >\t\t\t<div class=\"textwidget\"><h3 class=\"team-text-left\">Rung<\/h3>\n<\/div>\n\t\t<\/div><\/div><\/div><\/div><\/div><\/div><\/div><div id=\"pg-31-5\"  class=\"panel-grid panel-has-style\" ><div class=\"siteorigin-panels-stretch panel-row-style panel-row-style-for-31-5\" data-stretch-type=\"full\" ><div id=\"pgc-31-5-0\"  class=\"panel-grid-cell\" ><div id=\"panel-31-5-0-0\" class=\"so-panel widget widget_siteorigin-panels-builder panel-first-child panel-last-child\" data-index=\"5\" ><div id=\"pl-w5b9b895396fc0\"  class=\"panel-layout\" ><div id=\"pg-w5b9b895396fc0-0\"  class=\"panel-grid panel-no-style\" ><div id=\"pgc-w5b9b895396fc0-0-0\"  class=\"panel-grid-cell\" ><div id=\"panel-w5b9b895396fc0-0-0-0\" class=\"so-panel widget widget_text panel-first-child panel-last-child\" data-index=\"0\" >\t\t\t<div class=\"textwidget\"><h3 class=\"team-text-right\">Som<\/h3>\n<\/div>\n\t\t<\/div><\/div><div id=\"pgc-w5b9b895396fc0-0-1\"  class=\"panel-grid-cell\" ><div id=\"panel-w5b9b895396fc0-0-1-0\" class=\"so-panel widget widget_siteorigin-panels-builder panel-first-child panel-last-child\" data-index=\"1\" ><div id=\"pl-w5b9b895397030\"  class=\"panel-layout\" ><div id=\"pg-w5b9b895397030-0\"  class=\"panel-grid panel-no-style\" ><div id=\"pgc-w5b9b895397030-0-0\"  class=\"panel-grid-cell\" ><div id=\"panel-w5b9b895397030-0-0-0\" class=\"so-panel widget widget_media_image panel-first-child panel-last-child\" data-index=\"0\" ><img width=\"684\" height=\"1024\" src=\"https:\/\/blive.vs-thaimassage.de\/wp-content\/uploads\/2018\/09\/x205-684x1024.jpg\" class=\"image wp-image-432  attachment-large size-large\" alt=\"\" decoding=\"async\" loading=\"lazy\" style=\"max-width: 100%; height: auto;\" srcset=\"https:\/\/blive.vs-thaimassage.de\/wp-content\/uploads\/2018\/09\/x205-684x1024.jpg 684w, https:\/\/blive.vs-thaimassage.de\/wp-content\/uploads\/2018\/09\/x205-200x300.jpg 200w, https:\/\/blive.vs-thaimassage.de\/wp-content\/uploads\/2018\/09\/x205-768x1150.jpg 768w, https:\/\/blive.vs-thaimassage.de\/wp-content\/uploads\/2018\/09\/x205-416x623.jpg 416w, https:\/\/blive.vs-thaimassage.de\/wp-content\/uploads\/2018\/09\/x205.jpg 1336w\" sizes=\"(max-width: 684px) 100vw, 684px\" \/><\/div><\/div><div id=\"pgc-w5b9b895397030-0-1\"  class=\"panel-grid-cell\" ><div id=\"panel-w5b9b895397030-0-1-0\" class=\"so-panel widget widget_media_image panel-first-child panel-last-child\" data-index=\"1\" ><img width=\"684\" height=\"1024\" src=\"https:\/\/blive.vs-thaimassage.de\/wp-content\/uploads\/2018\/09\/x206-684x1024.jpg\" class=\"image wp-image-433  attachment-large size-large\" alt=\"\" decoding=\"async\" loading=\"lazy\" style=\"max-width: 100%; height: auto;\" srcset=\"https:\/\/blive.vs-thaimassage.de\/wp-content\/uploads\/2018\/09\/x206-684x1024.jpg 684w, https:\/\/blive.vs-thaimassage.de\/wp-content\/uploads\/2018\/09\/x206-200x300.jpg 200w, https:\/\/blive.vs-thaimassage.de\/wp-content\/uploads\/2018\/09\/x206-768x1150.jpg 768w, https:\/\/blive.vs-thaimassage.de\/wp-content\/uploads\/2018\/09\/x206-416x623.jpg 416w, https:\/\/blive.vs-thaimassage.de\/wp-content\/uploads\/2018\/09\/x206.jpg 1336w\" sizes=\"(max-width: 684px) 100vw, 684px\" \/><\/div><\/div><\/div><\/div><\/div><\/div><\/div><\/div><\/div><\/div><\/div><\/div><\/div>","protected":false},"excerpt":{"rendered":"<p>Unsere Masseure<\/p>\n","protected":false},"author":1,"featured_media":0,"parent":0,"menu_order":0,"comment_status":"closed","ping_status":"closed","template":"template-fullwidth.php","meta":[],"acf":[],"yoast_head":"<!-- This site is optimized with the Yoast SEO plugin v19.8 - https:\/\/yoast.com\/wordpress\/plugins\/seo\/ -->\n<title>Erfahren Sie mehr \u00fcber unsere Masseure | VS Thaimassage Wegberg<\/title>\n<meta name=\"description\" content=\"Lernen Sie mehr \u00fcber unsere Masseure und erfahren Sie was uns t\u00e4glich inspiriert Verspannungen zu l\u00f6sen und f\u00fcr Wohlbefinden zu sorgen.\" \/>\n<meta name=\"robots\" content=\"noindex, follow, max-snippet:-1, max-image-preview:large, max-video-preview:-1\" \/>\n<meta property=\"og:locale\" content=\"nl_NL\" \/>\n<meta property=\"og:type\" content=\"article\" \/>\n<meta property=\"og:title\" content=\"Erfahren Sie mehr \u00fcber unsere Masseure | VS Thaimassage Wegberg\" \/>\n<meta property=\"og:description\" content=\"Lernen Sie mehr \u00fcber unsere Masseure und erfahren Sie was uns t\u00e4glich inspiriert Verspannungen zu l\u00f6sen und f\u00fcr Wohlbefinden zu sorgen.\" \/>\n<meta property=\"og:url\" content=\"https:\/\/blive.vs-thaimassage.de\/ueber-uns\/\" \/>\n<meta property=\"og:site_name\" content=\"VS Thaimassage\" \/>\n<meta property=\"article:modified_time\" content=\"2018-09-26T16:41:48+00:00\" \/>\n<meta name=\"twitter:card\" content=\"summary_large_image\" \/>\n<script type=\"application\/ld+json\" class=\"yoast-schema-graph\">{\"@context\":\"https:\/\/schema.org\",\"@graph\":[{\"@type\":\"WebPage\",\"@id\":\"https:\/\/blive.vs-thaimassage.de\/ueber-uns\/\",\"url\":\"https:\/\/blive.vs-thaimassage.de\/ueber-uns\/\",\"name\":\"Erfahren Sie mehr \u00fcber unsere Masseure | VS Thaimassage Wegberg\",\"isPartOf\":{\"@id\":\"https:\/\/blive.vs-thaimassage.de\/#website\"},\"datePublished\":\"2018-08-15T14:19:52+00:00\",\"dateModified\":\"2018-09-26T16:41:48+00:00\",\"description\":\"Lernen Sie mehr \u00fcber unsere Masseure und erfahren Sie was uns t\u00e4glich inspiriert Verspannungen zu l\u00f6sen und f\u00fcr Wohlbefinden zu sorgen.\",\"breadcrumb\":{\"@id\":\"https:\/\/blive.vs-thaimassage.de\/ueber-uns\/#breadcrumb\"},\"inLanguage\":\"nl\",\"potentialAction\":[{\"@type\":\"ReadAction\",\"target\":[\"https:\/\/blive.vs-thaimassage.de\/ueber-uns\/\"]}]},{\"@type\":\"BreadcrumbList\",\"@id\":\"https:\/\/blive.vs-thaimassage.de\/ueber-uns\/#breadcrumb\",\"itemListElement\":[{\"@type\":\"ListItem\",\"position\":1,\"name\":\"Frontpagina\",\"item\":\"https:\/\/blive.vs-thaimassage.de\/nl\/\"},{\"@type\":\"ListItem\",\"position\":2,\"name\":\"\u00dcber Uns\"}]},{\"@type\":\"WebSite\",\"@id\":\"https:\/\/blive.vs-thaimassage.de\/#website\",\"url\":\"https:\/\/blive.vs-thaimassage.de\/\",\"name\":\"VS Thaimassage\",\"description\":\"Ihr Thai-Massagesalon aus Wegberg\",\"publisher\":{\"@id\":\"https:\/\/blive.vs-thaimassage.de\/#organization\"},\"potentialAction\":[{\"@type\":\"SearchAction\",\"target\":{\"@type\":\"EntryPoint\",\"urlTemplate\":\"https:\/\/blive.vs-thaimassage.de\/?s={search_term_string}\"},\"query-input\":\"required name=search_term_string\"}],\"inLanguage\":\"nl\"},{\"@type\":\"Organization\",\"@id\":\"https:\/\/blive.vs-thaimassage.de\/#organization\",\"name\":\"VS Thaimassage\",\"url\":\"https:\/\/blive.vs-thaimassage.de\/\",\"sameAs\":[],\"logo\":{\"@type\":\"ImageObject\",\"inLanguage\":\"nl\",\"@id\":\"https:\/\/blive.vs-thaimassage.de\/#\/schema\/logo\/image\/\",\"url\":\"https:\/\/blive.vs-thaimassage.de\/wp-content\/uploads\/2018\/09\/logo_xs.svg\",\"contentUrl\":\"https:\/\/blive.vs-thaimassage.de\/wp-content\/uploads\/2018\/09\/logo_xs.svg\",\"caption\":\"VS Thaimassage\"},\"image\":{\"@id\":\"https:\/\/blive.vs-thaimassage.de\/#\/schema\/logo\/image\/\"}}]}<\/script>\n<!-- \/ Yoast SEO plugin. -->","yoast_head_json":{"title":"Erfahren Sie mehr \u00fcber unsere Masseure | VS Thaimassage Wegberg","description":"Lernen Sie mehr \u00fcber unsere Masseure und erfahren Sie was uns t\u00e4glich inspiriert Verspannungen zu l\u00f6sen und f\u00fcr Wohlbefinden zu sorgen.","robots":{"index":"noindex","follow":"follow","max-snippet":"max-snippet:-1","max-image-preview":"max-image-preview:large","max-video-preview":"max-video-preview:-1"},"og_locale":"nl_NL","og_type":"article","og_title":"Erfahren Sie mehr \u00fcber unsere Masseure | VS Thaimassage Wegberg","og_description":"Lernen Sie mehr \u00fcber unsere Masseure und erfahren Sie was uns t\u00e4glich inspiriert Verspannungen zu l\u00f6sen und f\u00fcr Wohlbefinden zu sorgen.","og_url":"https:\/\/blive.vs-thaimassage.de\/ueber-uns\/","og_site_name":"VS Thaimassage","article_modified_time":"2018-09-26T16:41:48+00:00","twitter_card":"summary_large_image","schema":{"@context":"https:\/\/schema.org","@graph":[{"@type":"WebPage","@id":"https:\/\/blive.vs-thaimassage.de\/ueber-uns\/","url":"https:\/\/blive.vs-thaimassage.de\/ueber-uns\/","name":"Erfahren Sie mehr \u00fcber unsere Masseure | VS Thaimassage Wegberg","isPartOf":{"@id":"https:\/\/blive.vs-thaimassage.de\/#website"},"datePublished":"2018-08-15T14:19:52+00:00","dateModified":"2018-09-26T16:41:48+00:00","description":"Lernen Sie mehr \u00fcber unsere Masseure und erfahren Sie was uns t\u00e4glich inspiriert Verspannungen zu l\u00f6sen und f\u00fcr Wohlbefinden zu sorgen.","breadcrumb":{"@id":"https:\/\/blive.vs-thaimassage.de\/ueber-uns\/#breadcrumb"},"inLanguage":"nl","potentialAction":[{"@type":"ReadAction","target":["https:\/\/blive.vs-thaimassage.de\/ueber-uns\/"]}]},{"@type":"BreadcrumbList","@id":"https:\/\/blive.vs-thaimassage.de\/ueber-uns\/#breadcrumb","itemListElement":[{"@type":"ListItem","position":1,"name":"Frontpagina","item":"https:\/\/blive.vs-thaimassage.de\/nl\/"},{"@type":"ListItem","position":2,"name":"\u00dcber Uns"}]},{"@type":"WebSite","@id":"https:\/\/blive.vs-thaimassage.de\/#website","url":"https:\/\/blive.vs-thaimassage.de\/","name":"VS Thaimassage","description":"Ihr Thai-Massagesalon aus Wegberg","publisher":{"@id":"https:\/\/blive.vs-thaimassage.de\/#organization"},"potentialAction":[{"@type":"SearchAction","target":{"@type":"EntryPoint","urlTemplate":"https:\/\/blive.vs-thaimassage.de\/?s={search_term_string}"},"query-input":"required name=search_term_string"}],"inLanguage":"nl"},{"@type":"Organization","@id":"https:\/\/blive.vs-thaimassage.de\/#organization","name":"VS Thaimassage","url":"https:\/\/blive.vs-thaimassage.de\/","sameAs":[],"logo":{"@type":"ImageObject","inLanguage":"nl","@id":"https:\/\/blive.vs-thaimassage.de\/#\/schema\/logo\/image\/","url":"https:\/\/blive.vs-thaimassage.de\/wp-content\/uploads\/2018\/09\/logo_xs.svg","contentUrl":"https:\/\/blive.vs-thaimassage.de\/wp-content\/uploads\/2018\/09\/logo_xs.svg","caption":"VS Thaimassage"},"image":{"@id":"https:\/\/blive.vs-thaimassage.de\/#\/schema\/logo\/image\/"}}]}},"_links":{"self":[{"href":"https:\/\/blive.vs-thaimassage.de\/nl\/wp-json\/wp\/v2\/pages\/31"}],"collection":[{"href":"https:\/\/blive.vs-thaimassage.de\/nl\/wp-json\/wp\/v2\/pages"}],"about":[{"href":"https:\/\/blive.vs-thaimassage.de\/nl\/wp-json\/wp\/v2\/types\/page"}],"author":[{"embeddable":true,"href":"https:\/\/blive.vs-thaimassage.de\/nl\/wp-json\/wp\/v2\/users\/1"}],"replies":[{"embeddable":true,"href":"https:\/\/blive.vs-thaimassage.de\/nl\/wp-json\/wp\/v2\/comments?post=31"}],"version-history":[{"count":14,"href":"https:\/\/blive.vs-thaimassage.de\/nl\/wp-json\/wp\/v2\/pages\/31\/revisions"}],"predecessor-version":[{"id":454,"href":"https:\/\/blive.vs-thaimassage.de\/nl\/wp-json\/wp\/v2\/pages\/31\/revisions\/454"}],"wp:attachment":[{"href":"https:\/\/blive.vs-thaimassage.de\/nl\/wp-json\/wp\/v2\/media?parent=31"}],"curies":[{"name":"wp","href":"https:\/\/api.w.org\/{rel}","templated":true}]}}